{"id":6,"date":"2022-11-14T16:11:03","date_gmt":"2022-11-14T16:11:03","guid":{"rendered":"https:\/\/crtr06.org.br\/transparencia\/?page_id=6"},"modified":"2024-03-27T13:47:38","modified_gmt":"2024-03-27T16:47:38","slug":"home_site","status":"publish","type":"page","link":"https:\/\/crtr06.org.br\/transparencia\/","title":{"rendered":"home_site"},"content":{"rendered":"\t\t<div data-elementor-type=\"wp-page\" data-elementor-id=\"6\" class=\"elementor elementor-6\">\n\t\t\t\t\t\t<section class=\"elementor-section elementor-top-section elementor-element elementor-element-db8fffd elementor-section-full_width elementor-section-height-default elementor-section-height-default\" data-id=\"db8fffd\" data-element_type=\"section\" data-e-type=\"section\">\n\t\t\t\t\t\t<div class=\"elementor-container elementor-column-gap-default\">\n\t\t\t\t\t<div class=\"elementor-column elementor-col-100 elementor-top-column elementor-element elementor-element-43b1024\" data-id=\"43b1024\" data-element_type=\"column\" data-e-type=\"column\">\n\t\t\t<div class=\"elementor-widget-wrap elementor-element-populated\">\n\t\t\t\t\t\t<div class=\"elementor-element elementor-element-900eaef elementor-widget elementor-widget-image\" data-id=\"900eaef\" data-element_type=\"widget\" data-e-type=\"widget\" data-widget_type=\"image.default\">\n\t\t\t\t<div class=\"elementor-widget-container\">\n\t\t\t\t\t\t\t\t\t\t\t\t\t\t\t<img fetchpriority=\"high\" decoding=\"async\" width=\"1600\" height=\"230\" src=\"https:\/\/crtr06.org.br\/transparencia\/wp-content\/uploads\/2022\/11\/CAPA.jpg\" class=\"attachment-full size-full wp-image-11\" alt=\"\" srcset=\"https:\/\/crtr06.org.br\/transparencia\/wp-content\/uploads\/2022\/11\/CAPA.jpg 1600w, https:\/\/crtr06.org.br\/transparencia\/wp-content\/uploads\/2022\/11\/CAPA-300x43.jpg 300w, https:\/\/crtr06.org.br\/transparencia\/wp-content\/uploads\/2022\/11\/CAPA-1024x147.jpg 1024w, https:\/\/crtr06.org.br\/transparencia\/wp-content\/uploads\/2022\/11\/CAPA-768x110.jpg 768w, https:\/\/crtr06.org.br\/transparencia\/wp-content\/uploads\/2022\/11\/CAPA-1536x221.jpg 1536w\" sizes=\"(max-width: 1600px) 100vw, 1600px\" \/>\t\t\t\t\t\t\t\t\t\t\t\t\t\t\t<\/div>\n\t\t\t\t<\/div>\n\t\t\t\t\t<\/div>\n\t\t<\/div>\n\t\t\t\t\t<\/div>\n\t\t<\/section>\n\t\t\t\t<section class=\"elementor-section elementor-top-section elementor-element elementor-element-a62eec1 elementor-section-boxed elementor-section-height-default elementor-section-height-default\" data-id=\"a62eec1\" data-element_type=\"section\" data-e-type=\"section\">\n\t\t\t\t\t\t<div class=\"elementor-container elementor-column-gap-default\">\n\t\t\t\t\t<div class=\"elementor-column elementor-col-100 elementor-top-column elementor-element elementor-element-5870ce2\" data-id=\"5870ce2\" data-element_type=\"column\" data-e-type=\"column\">\n\t\t\t<div class=\"elementor-widget-wrap elementor-element-populated\">\n\t\t\t\t\t\t<div class=\"elementor-element elementor-element-8db32fd elementor-widget elementor-widget-heading\" data-id=\"8db32fd\" data-element_type=\"widget\" data-e-type=\"widget\" data-widget_type=\"heading.default\">\n\t\t\t\t<div class=\"elementor-widget-container\">\n\t\t\t\t\t<h1 class=\"elementor-heading-title elementor-size-default\">Transpar\u00eancia e Presta\u00e7\u00e3o de Contas<\/h1>\t\t\t\t<\/div>\n\t\t\t\t<\/div>\n\t\t\t\t\t<\/div>\n\t\t<\/div>\n\t\t\t\t\t<\/div>\n\t\t<\/section>\n\t\t\t\t<section class=\"elementor-section elementor-top-section elementor-element elementor-element-3ee65c8 elementor-section-boxed elementor-section-height-default elementor-section-height-default\" data-id=\"3ee65c8\" data-element_type=\"section\" data-e-type=\"section\" data-settings=\"{&quot;background_background&quot;:&quot;classic&quot;}\">\n\t\t\t\t\t\t<div class=\"elementor-container elementor-column-gap-default\">\n\t\t\t\t\t<div class=\"elementor-column elementor-col-100 elementor-top-column elementor-element elementor-element-dc0ceab\" data-id=\"dc0ceab\" data-element_type=\"column\" data-e-type=\"column\">\n\t\t\t<div class=\"elementor-widget-wrap elementor-element-populated\">\n\t\t\t\t\t\t<div class=\"elementor-element elementor-element-eec769c elementor-widget elementor-widget-text-editor\" data-id=\"eec769c\" data-element_type=\"widget\" data-e-type=\"widget\" data-widget_type=\"text-editor.default\">\n\t\t\t\t<div class=\"elementor-widget-container\">\n\t\t\t\t\t\t\t\t\t<div class=\"elementor-element elementor-element-ffa8325 elementor-widget elementor-widget-heading\" data-id=\"ffa8325\" data-element_type=\"widget\" data-widget_type=\"heading.default\"><div class=\"elementor-widget-container\"><h2 class=\"elementor-heading-title elementor-size-default\">Acesso \u00e0 informa\u00e7\u00e3o<\/h2><\/div><\/div><div class=\"elementor-element elementor-element-b6d74bb elementor-widget elementor-widget-text-editor\" data-id=\"b6d74bb\" data-element_type=\"widget\" data-widget_type=\"text-editor.default\"><div class=\"elementor-widget-container\"><p>O Conselho Regional de T\u00e9cnicos em Radiologia \u2013 6\u00aa Regi\u00e3o torna p\u00fablico, com base na\u00a0<a href=\"http:\/\/www.planalto.gov.br\/ccivil_03\/_ato2011-2014\/2011\/lei\/l12527.htm\" target=\"_blank\" rel=\"noopener\">Lei n.\u00ba 12.527\/2011<\/a>, informa\u00e7\u00f5es de interesse coletivo ou geral, a fim de dar a todos a mesma possibilidade de acesso aos dados sobre o servi\u00e7o p\u00fablico prestado pela autarquia, que \u00e9 respons\u00e1vel por fiscalizar e manter o controle jurisdicional sobre o exerc\u00edcio profissional das t\u00e9cnicas radiol\u00f3gicas no Rio Grande do Sul.<\/p><p>Qualquer detalhamento ou pedido de esclarecimento adicional pode ser feito com base na\u00a0<a href=\"http:\/\/www.acessoainformacao.gov.br\/lai-para-sic\/sic-apoio-orientacoes\/formularios\">Lei de Acesso \u00e0 Informa\u00e7\u00e3o<\/a>\u00a0(LAI), por meio de\u00a0<a href=\"http:\/\/www.acessoainformacao.gov.br\/lai-para-sic\/sic-apoio-orientacoes\/formularios\">formul\u00e1rio espec\u00edfico<\/a>, pelos correios ou pelo e-mail crtr06@crtr06.org.br .<\/p><\/div><\/div>\t\t\t\t\t\t\t\t<\/div>\n\t\t\t\t<\/div>\n\t\t\t\t\t<\/div>\n\t\t<\/div>\n\t\t\t\t\t<\/div>\n\t\t<\/section>\n\t\t\t\t<section class=\"elementor-section elementor-top-section elementor-element elementor-element-94ca5d9 elementor-section-boxed elementor-section-height-default elementor-section-height-default\" data-id=\"94ca5d9\" data-element_type=\"section\" data-e-type=\"section\" data-settings=\"{&quot;background_background&quot;:&quot;classic&quot;}\">\n\t\t\t\t\t\t<div class=\"elementor-container elementor-column-gap-default\">\n\t\t\t\t\t<div class=\"elementor-column elementor-col-100 elementor-top-column elementor-element elementor-element-b6027a0\" data-id=\"b6027a0\" data-element_type=\"column\" data-e-type=\"column\">\n\t\t\t<div class=\"elementor-widget-wrap elementor-element-populated\">\n\t\t\t\t\t\t<div class=\"elementor-element elementor-element-06557a4 elementor-widget elementor-widget-spacer\" data-id=\"06557a4\" data-element_type=\"widget\" data-e-type=\"widget\" data-widget_type=\"spacer.default\">\n\t\t\t\t<div class=\"elementor-widget-container\">\n\t\t\t\t\t\t\t<div class=\"elementor-spacer\">\n\t\t\t<div class=\"elementor-spacer-inner\"><\/div>\n\t\t<\/div>\n\t\t\t\t\t\t<\/div>\n\t\t\t\t<\/div>\n\t\t\t\t\t<\/div>\n\t\t<\/div>\n\t\t\t\t\t<\/div>\n\t\t<\/section>\n\t\t\t\t<section class=\"elementor-section elementor-top-section elementor-element elementor-element-b260bdc elementor-section-boxed elementor-section-height-default elementor-section-height-default\" data-id=\"b260bdc\" data-element_type=\"section\" data-e-type=\"section\" data-settings=\"{&quot;background_background&quot;:&quot;classic&quot;}\">\n\t\t\t\t\t\t<div class=\"elementor-container elementor-column-gap-default\">\n\t\t\t\t\t<div class=\"elementor-column elementor-col-33 elementor-top-column elementor-element elementor-element-f64d528\" data-id=\"f64d528\" data-element_type=\"column\" data-e-type=\"column\">\n\t\t\t<div class=\"elementor-widget-wrap elementor-element-populated\">\n\t\t\t\t\t\t<div class=\"elementor-element elementor-element-934f930 elementor-widget elementor-widget-heading\" data-id=\"934f930\" data-element_type=\"widget\" data-e-type=\"widget\" data-widget_type=\"heading.default\">\n\t\t\t\t<div class=\"elementor-widget-container\">\n\t\t\t\t\t<h2 class=\"elementor-heading-title elementor-size-default\">Institucional<\/h2>\t\t\t\t<\/div>\n\t\t\t\t<\/div>\n\t\t\t\t<div class=\"elementor-element elementor-element-92650d9 elementor-widget elementor-widget-text-editor\" data-id=\"92650d9\" data-element_type=\"widget\" data-e-type=\"widget\" data-widget_type=\"text-editor.default\">\n\t\t\t\t<div class=\"elementor-widget-container\">\n\t\t\t\t\t\t\t\t\t<p><a href=\"https:\/\/www.crtr06.org.br\/\">Home<\/a><br \/><a href=\"https:\/\/crtr06.org.br\/transparencia\/wp-content\/uploads\/2024\/03\/ROL-DOS-RESPONSAVEIS.docx.pdf\">Diretoria<\/a><br \/><a href=\"https:\/\/crtr06.org.br\">Conselheiros e Conselheiros Federais<\/a><br \/><a href=\"https:\/\/crtr06.org.br\/diretoria\/\">Galeria de Presidentes<\/a><br \/><a href=\"https:\/\/crtr06.org.br\/transparencia\/corefi\/\">COREFI<\/a><br \/><a href=\"https:\/\/crtr06.org.br\/transparencia\/wp-content\/uploads\/2024\/03\/ESTRUTURA-ORGANIZACIONAL.docx.pdf\">Estrutura Organizacional<\/a><br \/><a href=\"https:\/\/www.crtr06.org.br\/wp-content\/uploads\/2023\/04\/ORGANOGRAMA-.pdf\">Organograma<\/a><\/p>\t\t\t\t\t\t\t\t<\/div>\n\t\t\t\t<\/div>\n\t\t\t\t<div class=\"elementor-element elementor-element-75b99d3 elementor-widget elementor-widget-heading\" data-id=\"75b99d3\" data-element_type=\"widget\" data-e-type=\"widget\" data-widget_type=\"heading.default\">\n\t\t\t\t<div class=\"elementor-widget-container\">\n\t\t\t\t\t<h2 class=\"elementor-heading-title elementor-size-default\">Auditoria<\/h2>\t\t\t\t<\/div>\n\t\t\t\t<\/div>\n\t\t\t\t<div class=\"elementor-element elementor-element-53c2e0d elementor-widget elementor-widget-text-editor\" data-id=\"53c2e0d\" data-element_type=\"widget\" data-e-type=\"widget\" data-widget_type=\"text-editor.default\">\n\t\t\t\t<div class=\"elementor-widget-container\">\n\t\t\t\t\t\t\t\t\t<p><a href=\"https:\/\/www.crtr06.org.br\/wp-content\/uploads\/2023\/04\/AUDITORIA.pdf\">Auditoria Interna<\/a><br \/><a href=\"#\">Auditoria Externa<\/a><\/p>\t\t\t\t\t\t\t\t<\/div>\n\t\t\t\t<\/div>\n\t\t\t\t\t<\/div>\n\t\t<\/div>\n\t\t\t\t<div class=\"elementor-column elementor-col-33 elementor-top-column elementor-element elementor-element-7605f27\" data-id=\"7605f27\" data-element_type=\"column\" data-e-type=\"column\">\n\t\t\t<div class=\"elementor-widget-wrap elementor-element-populated\">\n\t\t\t\t\t\t<div class=\"elementor-element elementor-element-9a5f9bf elementor-widget elementor-widget-heading\" data-id=\"9a5f9bf\" data-element_type=\"widget\" data-e-type=\"widget\" data-widget_type=\"heading.default\">\n\t\t\t\t<div class=\"elementor-widget-container\">\n\t\t\t\t\t<h2 class=\"elementor-heading-title elementor-size-default\">Presta\u00e7\u00e3o de Contas e Relat\u00f3rios Gerenciais<\/h2>\t\t\t\t<\/div>\n\t\t\t\t<\/div>\n\t\t\t\t<div class=\"elementor-element elementor-element-60285d1 elementor-widget elementor-widget-text-editor\" data-id=\"60285d1\" data-element_type=\"widget\" data-e-type=\"widget\" data-widget_type=\"text-editor.default\">\n\t\t\t\t<div class=\"elementor-widget-container\">\n\t\t\t\t\t\t\t\t\t<p><a href=\"https:\/\/www.crtr06.org.br\/wp-content\/uploads\/2023\/03\/Relatorio-de-Gestao-e-Prestacao-de-Contas-ao-TCU.pdf\">Relat\u00f3rio de Gest\u00e3o e Presta\u00e7\u00e3o de Contas ao TCU<\/a><br \/><a href=\"#\">Decis\u00f5es do TCU (Ac\u00f3rd\u00e3os)<\/a><br \/><a href=\"https:\/\/www.crtr06.org.br\/wp-content\/uploads\/2023\/04\/ROL-DOS-RESPONSAVEIS-1.pdf\">Rol de Respons\u00e1veis<\/a><br \/><a href=\"#\">Planejamento Estrat\u00e9gico<\/a><br \/><a href=\"#\">Relat\u00f3rios de Atividades<\/a><br \/><a href=\"https:\/\/www.crtr06.org.br\/wp-content\/uploads\/2023\/04\/COMISSAO-DE-TOMADA-DE-CONTAS.pdf\">Comiss\u00e3o de Tomada de Contas &#8211; CTC<\/a><br \/><a href=\"#\">Elei\u00e7\u00f5es Regional e Nacional<\/a><\/p>\t\t\t\t\t\t\t\t<\/div>\n\t\t\t\t<\/div>\n\t\t\t\t<div class=\"elementor-element elementor-element-084f844 elementor-widget elementor-widget-heading\" data-id=\"084f844\" data-element_type=\"widget\" data-e-type=\"widget\" data-widget_type=\"heading.default\">\n\t\t\t\t<div class=\"elementor-widget-container\">\n\t\t\t\t\t<h2 class=\"elementor-heading-title elementor-size-default\">Dados Abertos<\/h2>\t\t\t\t<\/div>\n\t\t\t\t<\/div>\n\t\t\t\t<div class=\"elementor-element elementor-element-3656ba9 elementor-widget elementor-widget-text-editor\" data-id=\"3656ba9\" data-element_type=\"widget\" data-e-type=\"widget\" data-widget_type=\"text-editor.default\">\n\t\t\t\t<div class=\"elementor-widget-container\">\n\t\t\t\t\t\t\t\t\t<a href=\"https:\/\/studiosti.com.br\/PortalTransparencia\/Radiologia\/crtr6\/Default.aspx\">Acessar dados abertos<\/a>\t\t\t\t\t\t\t\t<\/div>\n\t\t\t\t<\/div>\n\t\t\t\t\t<\/div>\n\t\t<\/div>\n\t\t\t\t<div class=\"elementor-column elementor-col-33 elementor-top-column elementor-element elementor-element-de2d753\" data-id=\"de2d753\" data-element_type=\"column\" data-e-type=\"column\">\n\t\t\t<div class=\"elementor-widget-wrap elementor-element-populated\">\n\t\t\t\t\t\t<div class=\"elementor-element elementor-element-4b75824 elementor-widget elementor-widget-heading\" data-id=\"4b75824\" data-element_type=\"widget\" data-e-type=\"widget\" data-widget_type=\"heading.default\">\n\t\t\t\t<div class=\"elementor-widget-container\">\n\t\t\t\t\t<h2 class=\"elementor-heading-title elementor-size-default\">Or\u00e7amento e Finan\u00e7as<\/h2>\t\t\t\t<\/div>\n\t\t\t\t<\/div>\n\t\t\t\t<div class=\"elementor-element elementor-element-1a16039 elementor-widget elementor-widget-text-editor\" data-id=\"1a16039\" data-element_type=\"widget\" data-e-type=\"widget\" data-widget_type=\"text-editor.default\">\n\t\t\t\t<div class=\"elementor-widget-container\">\n\t\t\t\t\t\t\t\t\t<p><a href=\"#\">Balan\u00e7o Patrimonial<\/a><br \/><a href=\"#\">Balan\u00e7o Financeiro<\/a><br \/><a href=\"#\">Balan\u00e7o Or\u00e7ament\u00e1rio<\/a><br \/><a href=\"#\">Demonstrativo das Varia\u00e7\u00f5es Patrimoniais<\/a><br \/><a href=\"#\">Demonstrativo do Fluxo de Caixa<\/a><br \/><a href=\"#\">Comparativo de Receita<\/a><br \/><a href=\"#\">Comparativo de Despesa<\/a><br \/><a href=\"#\">Notas Explicativas<\/a><br \/><a href=\"#\">Viagens e Aux\u00edlios<\/a><br \/><a href=\"http:\/\/contertransparencia.com.br\/exercicios-anteriores\/\">Finan\u00e7as Exerc\u00edcios Anteriores<\/a><\/p>\t\t\t\t\t\t\t\t<\/div>\n\t\t\t\t<\/div>\n\t\t\t\t\t<\/div>\n\t\t<\/div>\n\t\t\t\t\t<\/div>\n\t\t<\/section>\n\t\t\t\t<section class=\"elementor-section elementor-top-section elementor-element elementor-element-745c83e elementor-section-boxed elementor-section-height-default elementor-section-height-default\" data-id=\"745c83e\" data-element_type=\"section\" data-e-type=\"section\" data-settings=\"{&quot;background_background&quot;:&quot;classic&quot;}\">\n\t\t\t\t\t\t<div class=\"elementor-container elementor-column-gap-default\">\n\t\t\t\t\t<div class=\"elementor-column elementor-col-100 elementor-top-column elementor-element elementor-element-dbe15e3\" data-id=\"dbe15e3\" data-element_type=\"column\" data-e-type=\"column\">\n\t\t\t<div class=\"elementor-widget-wrap elementor-element-populated\">\n\t\t\t\t\t\t<div class=\"elementor-element elementor-element-5992d7b elementor-widget elementor-widget-spacer\" data-id=\"5992d7b\" data-element_type=\"widget\" data-e-type=\"widget\" data-widget_type=\"spacer.default\">\n\t\t\t\t<div class=\"elementor-widget-container\">\n\t\t\t\t\t\t\t<div class=\"elementor-spacer\">\n\t\t\t<div class=\"elementor-spacer-inner\"><\/div>\n\t\t<\/div>\n\t\t\t\t\t\t<\/div>\n\t\t\t\t<\/div>\n\t\t\t\t\t<\/div>\n\t\t<\/div>\n\t\t\t\t\t<\/div>\n\t\t<\/section>\n\t\t\t\t<section class=\"elementor-section elementor-top-section elementor-element elementor-element-a691703 elementor-section-boxed elementor-section-height-default elementor-section-height-default\" data-id=\"a691703\" data-element_type=\"section\" data-e-type=\"section\" data-settings=\"{&quot;background_background&quot;:&quot;classic&quot;}\">\n\t\t\t\t\t\t<div class=\"elementor-container elementor-column-gap-default\">\n\t\t\t\t\t<div class=\"elementor-column elementor-col-33 elementor-top-column elementor-element elementor-element-4852790\" data-id=\"4852790\" data-element_type=\"column\" data-e-type=\"column\">\n\t\t\t<div class=\"elementor-widget-wrap elementor-element-populated\">\n\t\t\t\t\t\t<div class=\"elementor-element elementor-element-ed105c8 elementor-widget elementor-widget-heading\" data-id=\"ed105c8\" data-element_type=\"widget\" data-e-type=\"widget\" data-widget_type=\"heading.default\">\n\t\t\t\t<div class=\"elementor-widget-container\">\n\t\t\t\t\t<h2 class=\"elementor-heading-title elementor-size-default\">Licita\u00e7\u00f5es e Contratos<\/h2>\t\t\t\t<\/div>\n\t\t\t\t<\/div>\n\t\t\t\t<div class=\"elementor-element elementor-element-15004b2 elementor-widget elementor-widget-text-editor\" data-id=\"15004b2\" data-element_type=\"widget\" data-e-type=\"widget\" data-widget_type=\"text-editor.default\">\n\t\t\t\t<div class=\"elementor-widget-container\">\n\t\t\t\t\t\t\t\t\t<p><a href=\"#\">Licita\u00e7\u00f5es<\/a><br \/><a href=\"#\">Contratos<\/a><br \/><a href=\"#\">Planejamento Anual de Contrata\u00e7\u00f5es &#8211; PAC<\/a><br \/><a href=\"#\">Execu\u00e7\u00e3o 2020<\/a><\/p>\t\t\t\t\t\t\t\t<\/div>\n\t\t\t\t<\/div>\n\t\t\t\t<div class=\"elementor-element elementor-element-572bc71 elementor-widget elementor-widget-heading\" data-id=\"572bc71\" data-element_type=\"widget\" data-e-type=\"widget\" data-widget_type=\"heading.default\">\n\t\t\t\t<div class=\"elementor-widget-container\">\n\t\t\t\t\t<h2 class=\"elementor-heading-title elementor-size-default\">Profissionais da Radiologia<\/h2>\t\t\t\t<\/div>\n\t\t\t\t<\/div>\n\t\t\t\t<div class=\"elementor-element elementor-element-4a13bcb elementor-widget elementor-widget-text-editor\" data-id=\"4a13bcb\" data-element_type=\"widget\" data-e-type=\"widget\" data-widget_type=\"text-editor.default\">\n\t\t\t\t<div class=\"elementor-widget-container\">\n\t\t\t\t\t\t\t\t\t<div id=\"panel-4653-1-0-2\" class=\"so-panel widget widget_sow-editor\" data-index=\"3\"><div class=\"so-widget-sow-editor so-widget-sow-editor-base\"><div class=\"siteorigin-widget-tinymce textwidget\"><p><a href=\"https:\/\/www.studiosti.com.br\/STI-Financeiro\/Radiologia\/CRTR6\/telas\/seguranca\/Login_TL.aspx?ReturnUrl=~\/Default.aspx?p=1\">Consulta Geral<\/a><br \/><a href=\"#\">Quantitativo de Profissionais<\/a><\/p><\/div><\/div><\/div>\t\t\t\t\t\t\t\t<\/div>\n\t\t\t\t<\/div>\n\t\t\t\t\t<\/div>\n\t\t<\/div>\n\t\t\t\t<div class=\"elementor-column elementor-col-33 elementor-top-column elementor-element elementor-element-8f8dbb5\" data-id=\"8f8dbb5\" data-element_type=\"column\" data-e-type=\"column\">\n\t\t\t<div class=\"elementor-widget-wrap elementor-element-populated\">\n\t\t\t\t\t\t<div class=\"elementor-element elementor-element-1d1b2f8 elementor-widget elementor-widget-heading\" data-id=\"1d1b2f8\" data-element_type=\"widget\" data-e-type=\"widget\" data-widget_type=\"heading.default\">\n\t\t\t\t<div class=\"elementor-widget-container\">\n\t\t\t\t\t<h2 class=\"elementor-heading-title elementor-size-default\">Normas, Portarias, Regimentos e Atas de Reun\u00f5es Plen\u00e1rias<\/h2>\t\t\t\t<\/div>\n\t\t\t\t<\/div>\n\t\t\t\t<div class=\"elementor-element elementor-element-c50810a elementor-widget elementor-widget-text-editor\" data-id=\"c50810a\" data-element_type=\"widget\" data-e-type=\"widget\" data-widget_type=\"text-editor.default\">\n\t\t\t\t<div class=\"elementor-widget-container\">\n\t\t\t\t\t\t\t\t\t<p><a href=\"http:\/\/conter.gov.br\/site\/leis\">Leis<\/a><br \/><a href=\"#\">Decretos<\/a><br \/><a href=\"http:\/\/conter.gov.br\/site\/manuais\">Manuais<\/a><br \/><a href=\"#\">C\u00f3digo \u00c9tico<\/a><br \/><a href=\"#\">Portarias<\/a><br \/><a href=\"#\">Portarias &#8211; CRTRs<\/a><br \/><a href=\"#\">Regimentos<\/a><br \/><a href=\"http:\/\/conter.gov.br\/site\/resolucoes\">Resolu\u00e7\u00f5es<\/a><br \/><a href=\"https:\/\/www.crtr06.org.br\/wp-content\/uploads\/2023\/03\/Acordos-de-Cooperacao.pdf\">Acordos de Coopera\u00e7\u00e3o<\/a><br \/><a href=\"#\">Normas Regulamentadoras<\/a><br \/><a href=\"#\">Atas de Reuni\u00f5es Plen\u00e1rias<\/a><\/p>\t\t\t\t\t\t\t\t<\/div>\n\t\t\t\t<\/div>\n\t\t\t\t\t<\/div>\n\t\t<\/div>\n\t\t\t\t<div class=\"elementor-column elementor-col-33 elementor-top-column elementor-element elementor-element-6a04836\" data-id=\"6a04836\" data-element_type=\"column\" data-e-type=\"column\">\n\t\t\t<div class=\"elementor-widget-wrap elementor-element-populated\">\n\t\t\t\t\t\t<div class=\"elementor-element elementor-element-2cc1ba3 elementor-widget elementor-widget-heading\" data-id=\"2cc1ba3\" data-element_type=\"widget\" data-e-type=\"widget\" data-widget_type=\"heading.default\">\n\t\t\t\t<div class=\"elementor-widget-container\">\n\t\t\t\t\t<h2 class=\"elementor-heading-title elementor-size-default\">Gest\u00e3o de Pessoas\n<\/h2>\t\t\t\t<\/div>\n\t\t\t\t<\/div>\n\t\t\t\t<div class=\"elementor-element elementor-element-32c96bb elementor-widget elementor-widget-text-editor\" data-id=\"32c96bb\" data-element_type=\"widget\" data-e-type=\"widget\" data-widget_type=\"text-editor.default\">\n\t\t\t\t<div class=\"elementor-widget-container\">\n\t\t\t\t\t\t\t\t\t<div id=\"panel-4653-1-0-2\" class=\"so-panel widget widget_sow-editor\" data-index=\"3\"><div class=\"so-widget-sow-editor so-widget-sow-editor-base\"><div class=\"siteorigin-widget-tinymce textwidget\"><p><a href=\"https:\/\/www.crtr06.org.br\/wp-content\/uploads\/2023\/04\/Quadro-de-Empregados.pdf\">Quadro de Empregados<\/a><br \/><a href=\"https:\/\/www.crtr06.org.br\/wp-content\/uploads\/2023\/04\/PLANO-DE-CARGOS-E-SALARIOS.pdf\">Plano de Cargos e Sal\u00e1rios<\/a><br \/><a href=\"https:\/\/www.crtr06.org.br\/wp-content\/uploads\/2023\/04\/Folha-de-pagamento.pdf\">Folha de Pagamento<\/a><br \/><a href=\"https:\/\/www.crtr06.org.br\/wp-content\/uploads\/2023\/04\/Acordo-Coletivo.pdf\">Acordo Coletivo<\/a><br \/><a href=\"https:\/\/www.crtr06.org.br\/wp-content\/uploads\/2023\/04\/Ciclo-de-Palestra.pdf\">Ciclo de Palestra<\/a><\/p><\/div><\/div><\/div><div id=\"panel-4653-1-0-3\" class=\"so-panel widget widget_sow-editor panel-last-child\" data-index=\"4\"><div class=\"so-widget-sow-editor so-widget-sow-editor-base\">\u00a0<\/div><\/div>\t\t\t\t\t\t\t\t<\/div>\n\t\t\t\t<\/div>\n\t\t\t\t<div class=\"elementor-element elementor-element-b8226c1 elementor-widget elementor-widget-heading\" data-id=\"b8226c1\" data-element_type=\"widget\" data-e-type=\"widget\" data-widget_type=\"heading.default\">\n\t\t\t\t<div class=\"elementor-widget-container\">\n\t\t\t\t\t<h2 class=\"elementor-heading-title elementor-size-default\">Fale Conosco<\/h2>\t\t\t\t<\/div>\n\t\t\t\t<\/div>\n\t\t\t\t<div class=\"elementor-element elementor-element-91cbb77 elementor-widget elementor-widget-text-editor\" data-id=\"91cbb77\" data-element_type=\"widget\" data-e-type=\"widget\" data-widget_type=\"text-editor.default\">\n\t\t\t\t<div class=\"elementor-widget-container\">\n\t\t\t\t\t\t\t\t\t<div id=\"panel-4653-1-0-2\" class=\"so-panel widget widget_sow-editor\" data-index=\"3\"><div class=\"so-widget-sow-editor so-widget-sow-editor-base\"><div class=\"siteorigin-widget-tinymce textwidget\"><p><a href=\"https:\/\/www.crtr06.org.br\/wp-content\/uploads\/2023\/03\/DUVIDAS-FREQUENTES.pdf\">D\u00favidas Frequentes<\/a><br \/><a href=\"https:\/\/crtr06.org.br\/transparencia\/informacoes-sigilosas\/\">Informa\u00e7\u00f5es Sigilosas<\/a><br \/><a href=\"https:\/\/www.crtr06.org.br\/wp-content\/uploads\/2023\/03\/Sistema-eletronico-do-Servico-de-Informacao-ao-Cidadao-1.pdf\">E-SIC<\/a><br \/><a href=\"https:\/\/www.crtr06.org.br\/denuncia\/\">Den\u00fancia<\/a><\/p><\/div><\/div><\/div>\t\t\t\t\t\t\t\t<\/div>\n\t\t\t\t<\/div>\n\t\t\t\t\t<\/div>\n\t\t<\/div>\n\t\t\t\t\t<\/div>\n\t\t<\/section>\n\t\t\t\t<\/div>\n\t\t","protected":false},"excerpt":{"rendered":"<p>Transpar\u00eancia e Presta\u00e7\u00e3o de Contas Acesso \u00e0 informa\u00e7\u00e3o O Conselho Regional de T\u00e9cnicos em Radiologia \u2013 6\u00aa Regi\u00e3o torna p\u00fablico, com base na\u00a0Lei n.\u00ba 12.527\/2011, informa\u00e7\u00f5es de interesse coletivo ou geral, a fim de dar a todos a mesma possibilidade de acesso aos dados sobre o servi\u00e7o p\u00fablico prestado pela autarquia, que \u00e9 respons\u00e1vel por [&hellip;]<\/p>\n","protected":false},"author":1,"featured_media":0,"parent":0,"menu_order":0,"comment_status":"closed","ping_status":"closed","template":"elementor_canvas","meta":{"footnotes":""},"class_list":["post-6","page","type-page","status-publish","hentry"],"_links":{"self":[{"href":"https:\/\/crtr06.org.br\/transparencia\/wp-json\/wp\/v2\/pages\/6","targetHints":{"allow":["GET"]}}],"collection":[{"href":"https:\/\/crtr06.org.br\/transparencia\/wp-json\/wp\/v2\/pages"}],"about":[{"href":"https:\/\/crtr06.org.br\/transparencia\/wp-json\/wp\/v2\/types\/page"}],"author":[{"embeddable":true,"href":"https:\/\/crtr06.org.br\/transparencia\/wp-json\/wp\/v2\/users\/1"}],"replies":[{"embeddable":true,"href":"https:\/\/crtr06.org.br\/transparencia\/wp-json\/wp\/v2\/comments?post=6"}],"version-history":[{"count":304,"href":"https:\/\/crtr06.org.br\/transparencia\/wp-json\/wp\/v2\/pages\/6\/revisions"}],"predecessor-version":[{"id":843,"href":"https:\/\/crtr06.org.br\/transparencia\/wp-json\/wp\/v2\/pages\/6\/revisions\/843"}],"wp:attachment":[{"href":"https:\/\/crtr06.org.br\/transparencia\/wp-json\/wp\/v2\/media?parent=6"}],"curies":[{"name":"wp","href":"https:\/\/api.w.org\/{rel}","templated":true}]}}