{"id":544,"date":"2023-03-30T17:33:28","date_gmt":"2023-03-30T17:33:28","guid":{"rendered":"https:\/\/crtr06.org.br\/transparencia\/?page_id=544"},"modified":"2023-03-31T17:40:49","modified_gmt":"2023-03-31T17:40:49","slug":"informacoes-sigilosas","status":"publish","type":"page","link":"https:\/\/crtr06.org.br\/transparencia\/informacoes-sigilosas\/","title":{"rendered":"Informa\u00e7\u00f5es Sigilosas"},"content":{"rendered":"\t\t<div data-elementor-type=\"wp-page\" data-elementor-id=\"544\" class=\"elementor elementor-544\">\n\t\t\t\t\t\t<section class=\"elementor-section elementor-top-section elementor-element elementor-element-ab3074a elementor-section-boxed elementor-section-height-default elementor-section-height-default\" data-id=\"ab3074a\" data-element_type=\"section\" data-e-type=\"section\">\n\t\t\t\t\t\t<div class=\"elementor-container elementor-column-gap-default\">\n\t\t\t\t\t<div class=\"elementor-column elementor-col-100 elementor-top-column elementor-element elementor-element-18d7022\" data-id=\"18d7022\" data-element_type=\"column\" data-e-type=\"column\">\n\t\t\t<div class=\"elementor-widget-wrap elementor-element-populated\">\n\t\t\t\t\t\t<div class=\"elementor-element elementor-element-a22936a elementor-widget elementor-widget-text-editor\" data-id=\"a22936a\" data-element_type=\"widget\" data-e-type=\"widget\" data-widget_type=\"text-editor.default\">\n\t\t\t\t<div class=\"elementor-widget-container\">\n\t\t\t\t\t\t\t\t\t<p>Espa\u00e7o reservado para a divulga\u00e7\u00e3o das informa\u00e7\u00f5es classificadas nos graus de sigilo definidos no art. 24 da Lei n\u00ba. 12.527\/2011.<\/p>\n<p>\u201cArt. 24. A informa\u00e7\u00e3o em poder dos \u00f3rg\u00e3os e entidades p\u00fablicas, observado o seu teor e em raz\u00e3o de sua imprescindibilidade \u00e0 seguran\u00e7a da sociedade ou do Estado, poder\u00e1 ser classificada como ultrassecreta, secreta ou reservada. \u201c<\/p>\n<p>At\u00e9 o presente momento, o Conselho Regional de T\u00e9cnicos em Radiologia 6\u00aa Regi\u00e3o n\u00e3o tem informa\u00e7\u00f5es classificadas nos graus de sigilo \u201csecreta\u201d, \u201cultrassecreta\u201d e \u201creservada\u201d, definidos no art. 24 da Lei n\u00ba 12.527\/2011 (Lei de Acesso \u00e0 Informa\u00e7\u00e3o).<\/p>\n<p>Caso necessite solicitar alguma informa\u00e7\u00e3o que n\u00e3o consta no site, dever\u00e1 direcionar o seu pedido clicando&nbsp;<a href=\"https:\/\/www.crtr06.org.br\/wp-content\/uploads\/2023\/03\/Sistema-eletronico-do-Servico-de-Informacao-ao-Cidadao-1.pdf\" target=\"_blank\">aqui<\/a>.<\/p>\t\t\t\t\t\t\t\t<\/div>\n\t\t\t\t<\/div>\n\t\t\t\t\t<\/div>\n\t\t<\/div>\n\t\t\t\t\t<\/div>\n\t\t<\/section>\n\t\t\t\t<section class=\"elementor-section elementor-top-section elementor-element elementor-element-98a3244 elementor-section-boxed elementor-section-height-default elementor-section-height-default\" data-id=\"98a3244\" data-element_type=\"section\" data-e-type=\"section\">\n\t\t\t\t\t\t<div class=\"elementor-container elementor-column-gap-default\">\n\t\t\t\t\t<div class=\"elementor-column elementor-col-100 elementor-top-column elementor-element elementor-element-f149fb9\" data-id=\"f149fb9\" data-element_type=\"column\" data-e-type=\"column\">\n\t\t\t<div class=\"elementor-widget-wrap elementor-element-populated\">\n\t\t\t\t\t\t<div class=\"elementor-element elementor-element-d86a117 elementor-widget elementor-widget-image\" data-id=\"d86a117\" data-element_type=\"widget\" data-e-type=\"widget\" data-widget_type=\"image.default\">\n\t\t\t\t<div class=\"elementor-widget-container\">\n\t\t\t\t\t\t\t\t\t\t\t\t\t\t\t<img fetchpriority=\"high\" decoding=\"async\" width=\"800\" height=\"564\" src=\"https:\/\/crtr06.org.br\/transparencia\/wp-content\/uploads\/2023\/03\/03-1024x722.jpg\" class=\"attachment-large size-large wp-image-554\" alt=\"\" srcset=\"https:\/\/crtr06.org.br\/transparencia\/wp-content\/uploads\/2023\/03\/03-1024x722.jpg 1024w, https:\/\/crtr06.org.br\/transparencia\/wp-content\/uploads\/2023\/03\/03-300x212.jpg 300w, https:\/\/crtr06.org.br\/transparencia\/wp-content\/uploads\/2023\/03\/03-768x542.jpg 768w, https:\/\/crtr06.org.br\/transparencia\/wp-content\/uploads\/2023\/03\/03-1536x1083.jpg 1536w, https:\/\/crtr06.org.br\/transparencia\/wp-content\/uploads\/2023\/03\/03.jpg 1551w\" sizes=\"(max-width: 800px) 100vw, 800px\" \/>\t\t\t\t\t\t\t\t\t\t\t\t\t\t\t<\/div>\n\t\t\t\t<\/div>\n\t\t\t\t\t<\/div>\n\t\t<\/div>\n\t\t\t\t\t<\/div>\n\t\t<\/section>\n\t\t\t\t<section class=\"elementor-section elementor-top-section elementor-element elementor-element-cf5e980 elementor-section-boxed elementor-section-height-default elementor-section-height-default\" data-id=\"cf5e980\" data-element_type=\"section\" data-e-type=\"section\">\n\t\t\t\t\t\t<div class=\"elementor-container elementor-column-gap-default\">\n\t\t\t\t\t<div class=\"elementor-column elementor-col-100 elementor-top-column elementor-element elementor-element-99ccd87\" data-id=\"99ccd87\" data-element_type=\"column\" data-e-type=\"column\">\n\t\t\t<div class=\"elementor-widget-wrap elementor-element-populated\">\n\t\t\t\t\t\t<div class=\"elementor-element elementor-element-5fa4dc5 elementor-widget elementor-widget-spacer\" data-id=\"5fa4dc5\" data-element_type=\"widget\" data-e-type=\"widget\" data-widget_type=\"spacer.default\">\n\t\t\t\t<div class=\"elementor-widget-container\">\n\t\t\t\t\t\t\t<div class=\"elementor-spacer\">\n\t\t\t<div class=\"elementor-spacer-inner\"><\/div>\n\t\t<\/div>\n\t\t\t\t\t\t<\/div>\n\t\t\t\t<\/div>\n\t\t\t\t\t<\/div>\n\t\t<\/div>\n\t\t\t\t\t<\/div>\n\t\t<\/section>\n\t\t\t\t<\/div>\n\t\t","protected":false},"excerpt":{"rendered":"<p>Espa\u00e7o reservado para a divulga\u00e7\u00e3o das informa\u00e7\u00f5es classificadas nos graus de sigilo definidos no art. 24 da Lei n\u00ba. 12.527\/2011. \u201cArt. 24. A informa\u00e7\u00e3o em poder dos \u00f3rg\u00e3os e entidades p\u00fablicas, observado o seu teor e em raz\u00e3o de sua imprescindibilidade \u00e0 seguran\u00e7a da sociedade ou do Estado, poder\u00e1 ser classificada como ultrassecreta, secreta ou [&hellip;]<\/p>\n","protected":false},"author":3,"featured_media":0,"parent":0,"menu_order":0,"comment_status":"closed","ping_status":"closed","template":"","meta":{"footnotes":""},"class_list":["post-544","page","type-page","status-publish","hentry"],"_links":{"self":[{"href":"https:\/\/crtr06.org.br\/transparencia\/wp-json\/wp\/v2\/pages\/544","targetHints":{"allow":["GET"]}}],"collection":[{"href":"https:\/\/crtr06.org.br\/transparencia\/wp-json\/wp\/v2\/pages"}],"about":[{"href":"https:\/\/crtr06.org.br\/transparencia\/wp-json\/wp\/v2\/types\/page"}],"author":[{"embeddable":true,"href":"https:\/\/crtr06.org.br\/transparencia\/wp-json\/wp\/v2\/users\/3"}],"replies":[{"embeddable":true,"href":"https:\/\/crtr06.org.br\/transparencia\/wp-json\/wp\/v2\/comments?post=544"}],"version-history":[{"count":19,"href":"https:\/\/crtr06.org.br\/transparencia\/wp-json\/wp\/v2\/pages\/544\/revisions"}],"predecessor-version":[{"id":569,"href":"https:\/\/crtr06.org.br\/transparencia\/wp-json\/wp\/v2\/pages\/544\/revisions\/569"}],"wp:attachment":[{"href":"https:\/\/crtr06.org.br\/transparencia\/wp-json\/wp\/v2\/media?parent=544"}],"curies":[{"name":"wp","href":"https:\/\/api.w.org\/{rel}","templated":true}]}}